{"id":717,"date":"2016-06-28T15:12:16","date_gmt":"2016-06-28T12:12:16","guid":{"rendered":"http:\/\/www.akturk.com\/?page_id=717&#038;lang=ru"},"modified":"2016-10-26T00:27:40","modified_gmt":"2016-10-25T21:27:40","slug":"%d0%b0%d0%bd%d1%82%d0%b0%d0%bb%d0%b8%d1%8f","status":"publish","type":"page","link":"https:\/\/www.akturk.com\/ru\/%d0%bc%d0%b5%d1%81%d1%82%d0%be%d0%bf%d0%be%d0%bb%d0%be%d0%b6%d0%b5%d0%bd%d0%b8%d0%b5\/%d0%b0%d0%bd%d1%82%d0%b0%d0%bb%d0%b8%d1%8f\/","title":{"rendered":"\u0410\u043d\u0442\u0430\u043b\u0438\u044f"},"content":{"rendered":"<ul class=\"sow-slider-images\" data-settings=\"{&quot;pagination&quot;:true,&quot;speed&quot;:800,&quot;timeout&quot;:8000,&quot;swipe&quot;:true}\">\n<li class=\"sow-slider-image  sow-slider-image-cover\" style=\"background-image: url('http:\/\/www.akturk.com\/wp-content\/uploads\/2016\/08\/guidance.jpg');\"><img loading=\"lazy\" decoding=\"async\" class=\"attachment-full size-full\" src=\"http:\/\/www.akturk.com\/wp-content\/uploads\/2016\/08\/guidance.jpg\" sizes=\"auto, (max-width: 1140px) 100vw, 1140px\" srcset=\"http:\/\/www.akturk.com\/wp-content\/uploads\/2016\/08\/guidance.jpg 1140w, http:\/\/www.akturk.com\/wp-content\/uploads\/2016\/08\/guidance-300x82.jpg 300w, http:\/\/www.akturk.com\/wp-content\/uploads\/2016\/08\/guidance-768x209.jpg 768w, http:\/\/www.akturk.com\/wp-content\/uploads\/2016\/08\/guidance-1024x278.jpg 1024w, http:\/\/www.akturk.com\/wp-content\/uploads\/2016\/08\/guidance-24x7.jpg 24w, http:\/\/www.akturk.com\/wp-content\/uploads\/2016\/08\/guidance-36x10.jpg 36w, http:\/\/www.akturk.com\/wp-content\/uploads\/2016\/08\/guidance-48x13.jpg 48w\" alt=\"guidance\" width=\"1140\" height=\"310\" \/><\/li>\n<\/ul>\n<ol class=\"sow-slider-pagination\">\n<li><a href=\"#\" data-goto=\"0\">1<\/a><\/li>\n<\/ol>\n<h3 class=\"widget-title\">\u041c\u0415\u0421\u0422\u041e\u041f\u041e\u041b\u041e\u0416\u0415\u041d\u0418\u0415<\/h3>\n<ul id=\"menu-lokasyonlar-ru\" class=\"menu\">\n<li id=\"menu-item-742\" class=\"menu-item menu-item-type-post_type menu-item-object-page menu-item-742\"><a class=\"menu-image-title-after\" href=\"https:\/\/www.akturk.com\/ru\/%d0%bc%d0%b5%d1%81%d1%82%d0%be%d0%bf%d0%be%d0%bb%d0%be%d0%b6%d0%b5%d0%bd%d0%b8%d0%b5\/%d0%b0%d0%bd%d1%82%d0%b0%d0%bb%d0%b8%d1%8f\/\"><span class=\"menu-image-title\">\u0410\u043d\u0442\u0430\u043b\u0438\u044f<\/span><\/a><\/li>\n<li id=\"menu-item-1250\" class=\"menu-item menu-item-type-post_type menu-item-object-page menu-item-1250\"><a class=\"menu-image-title-after\" href=\"https:\/\/www.akturk.com\/ru\/%d0%bc%d0%b5%d1%81%d1%82%d0%be%d0%bf%d0%be%d0%bb%d0%be%d0%b6%d0%b5%d0%bd%d0%b8%d0%b5\/istanbul\/\"><span class=\"menu-image-title\">\u0421\u0442\u0430\u043c\u0431\u0443\u043b<\/span><\/a><\/li>\n<\/ul>\n<h2><strong>\u041e\u0444\u0438\u0441 \u0432 \u0410\u043d\u0442\u0430\u043b\u0438\u0438<\/strong><\/h2>\n<p>Akt\u00fcrk Avukatl\u0131k B\u00fcrosu<br \/>\nMirador \u0130\u015f Merkezi Etiler Mah. Evliya \u00c7elebi Cad.<br \/>\nNo: 3\/33 Muratpa\u015fa<br \/>\n07010 Antalya T\u00fcrkiye<br \/>\nT: +90 242 322 01 20<br \/>\nF: +90 242 322 01 44<br \/>\n<a href=\"mailto:Antalya@Akturk.av.tr\">Antalya@Akturk.av.tr<\/a><br \/>\n\u041a\u043e\u043d\u0442\u0430\u043a\u0442\u043d\u043e\u0435 \u043b\u0438\u0446\u043e:\u00a0<a href=\"http:\/\/www.akturk.com\/tr\/ekibimiz\/bora-akturk\">Bora Akt\u00fcrk (LL.M.)<\/a><\/p>\n<p>&nbsp;<\/p>\n<p><img loading=\"lazy\" decoding=\"async\" class=\"alignnone size-medium wp-image-973\" src=\"http:\/\/www.akturk.com\/wp-content\/uploads\/2016\/06\/Ads\u0131z1-300x221.jpg\" sizes=\"auto, (max-width: 300px) 100vw, 300px\" srcset=\"http:\/\/www.akturk.com\/wp-content\/uploads\/2016\/06\/Ads\u0131z1-300x221.jpg 300w, http:\/\/www.akturk.com\/wp-content\/uploads\/2016\/06\/Ads\u0131z1-24x18.jpg 24w, http:\/\/www.akturk.com\/wp-content\/uploads\/2016\/06\/Ads\u0131z1-36x27.jpg 36w, http:\/\/www.akturk.com\/wp-content\/uploads\/2016\/06\/Ads\u0131z1-48x35.jpg 48w, http:\/\/www.akturk.com\/wp-content\/uploads\/2016\/06\/Ads\u0131z1.jpg 423w\" alt=\"adsiz1\" width=\"300\" height=\"221\" \/><\/p>\n<p><iframe loading=\"lazy\" style=\"border: 0;\" src=\"https:\/\/www.google.com\/maps\/embed?pb=!1m18!1m12!1m3!1d3190.7215527529497!2d30.710247315092268!3d36.89700897992868!2m3!1f0!2f0!3f0!3m2!1i1024!2i768!4f13.1!3m3!1m2!1s0x14c38557d13c237f%3A0x1f2b1506b0b40b40!2sAkturk+AB!5e0!3m2!1str!2str!4v1477429168504\" width=\"800\" height=\"600\" frameborder=\"0\" allowfullscreen=\"allowfullscreen\"><\/iframe><\/p>\n<!-- AddThis Advanced Settings generic via filter on the_content --><!-- AddThis Share Buttons generic via filter on the_content -->","protected":false},"excerpt":{"rendered":"<p>1 \u041c\u0415\u0421\u0422\u041e\u041f\u041e\u041b\u041e\u0416\u0415\u041d\u0418\u0415 \u0410\u043d\u0442\u0430\u043b\u0438\u044f \u0421\u0442\u0430\u043c\u0431\u0443\u043b \u041e\u0444\u0438\u0441 \u0432 \u0410\u043d\u0442\u0430\u043b\u0438\u0438 Akt\u00fcrk Avukatl\u0131k B\u00fcrosu Mirador \u0130\u015f Merkezi Etiler Mah. Evliya \u00c7elebi Cad. No: 3\/33 Muratpa\u015fa 07010 Antalya T\u00fcrkiye T: +90 242 322 01 20 F: +90 242 322 01 44 Antalya@Akturk.av.tr \u041a\u043e\u043d\u0442\u0430\u043a\u0442\u043d\u043e\u0435 \u043b\u0438\u0446\u043e:\u00a0Bora Akt\u00fcrk (LL.M.) &nbsp;<!-- AddThis Advanced Settings generic via filter on get_the_excerpt --><!-- AddThis Share Buttons generic via filter on get_the_excerpt --><\/p>\n","protected":false},"author":1,"featured_media":0,"parent":347,"menu_order":0,"comment_status":"closed","ping_status":"closed","template":"templates\/template-full-notitle.php","meta":{"footnotes":""},"class_list":["post-717","page","type-page","status-publish","hentry","post"],"_links":{"self":[{"href":"https:\/\/www.akturk.com\/ru\/wp-json\/wp\/v2\/pages\/717","targetHints":{"allow":["GET"]}}],"collection":[{"href":"https:\/\/www.akturk.com\/ru\/wp-json\/wp\/v2\/pages"}],"about":[{"href":"https:\/\/www.akturk.com\/ru\/wp-json\/wp\/v2\/types\/page"}],"author":[{"embeddable":true,"href":"https:\/\/www.akturk.com\/ru\/wp-json\/wp\/v2\/users\/1"}],"replies":[{"embeddable":true,"href":"https:\/\/www.akturk.com\/ru\/wp-json\/wp\/v2\/comments?post=717"}],"version-history":[{"count":6,"href":"https:\/\/www.akturk.com\/ru\/wp-json\/wp\/v2\/pages\/717\/revisions"}],"predecessor-version":[{"id":1443,"href":"https:\/\/www.akturk.com\/ru\/wp-json\/wp\/v2\/pages\/717\/revisions\/1443"}],"up":[{"embeddable":true,"href":"https:\/\/www.akturk.com\/ru\/wp-json\/wp\/v2\/pages\/347"}],"wp:attachment":[{"href":"https:\/\/www.akturk.com\/ru\/wp-json\/wp\/v2\/media?parent=717"}],"curies":[{"name":"wp","href":"https:\/\/api.w.org\/{rel}","templated":true}]}}