{"id":333,"date":"2016-07-15T18:03:44","date_gmt":"2016-07-15T15:03:44","guid":{"rendered":"http:\/\/www.idablog.com\/blogs\/akturk\/ru\/index.php\/ekip\/"},"modified":"2016-09-14T01:11:18","modified_gmt":"2016-09-13T22:11:18","slug":"%d0%bd%d0%b0%d1%88%d0%b0-%d0%ba%d0%be%d0%bc%d0%b0%d0%bd%d0%b4%d0%b0","status":"publish","type":"page","link":"https:\/\/www.akturk.com\/ru\/%d0%bd%d0%b0%d1%88%d0%b0-%d0%ba%d0%be%d0%bc%d0%b0%d0%bd%d0%b4%d0%b0\/","title":{"rendered":"\u041d\u0410\u0428\u0410 \u041a\u041e\u041c\u0410\u041d\u0414\u0410"},"content":{"rendered":"<div id=\"metaslider-id-8\" style=\"max-width: 1140px; margin: 0 auto;\" class=\"ml-slider-3-108-0 metaslider metaslider-nivo metaslider-8 ml-slider ms-theme-default\" role=\"region\" aria-label=\"slider\" data-height=\"310\" data-width=\"1140\">\n    <div id=\"metaslider_container_8\">\n        <div class='slider-wrapper theme-default'><div class='ribbon'><\/div><div id='metaslider_8' class='nivoSlider'><img loading=\"lazy\" decoding=\"async\" src=\"https:\/\/www.akturk.com\/wp-content\/uploads\/2016\/08\/guidance.jpg\" height=\"310\" width=\"1140\" alt=\"\" class=\"slider-8 slide-575 msDefaultImage\" \/><img loading=\"lazy\" decoding=\"async\" src=\"https:\/\/www.akturk.com\/wp-content\/uploads\/2016\/09\/vision.jpg\" height=\"310\" width=\"1140\" alt=\"\" class=\"slider-8 slide-1310 msDefaultImage\" \/><img loading=\"lazy\" decoding=\"async\" src=\"https:\/\/www.akturk.com\/wp-content\/uploads\/2016\/09\/akturk-banner-3-1140x310.jpg\" height=\"310\" width=\"1140\" alt=\"\" class=\"slider-8 slide-1311 msDefaultImage\" \/><img loading=\"lazy\" decoding=\"async\" src=\"https:\/\/www.akturk.com\/wp-content\/uploads\/2016\/09\/akturk-ab-banner4.jpg\" height=\"310\" width=\"1140\" alt=\"\" class=\"slider-8 slide-1312 msDefaultImage\" \/><img loading=\"lazy\" decoding=\"async\" src=\"https:\/\/www.akturk.com\/wp-content\/uploads\/2016\/09\/akturk-banner-5.jpg\" height=\"310\" width=\"1140\" alt=\"\" class=\"slider-8 slide-1313 msDefaultImage\" \/><\/div><\/div>\n        \n    <\/div>\n<\/div>\n\n\t\t\t\t<form action=\"\" method=\"post\" class=\"searchandfilter\">\n\t\t\t\t\t<div><ul><li><h4>\u0418\u043c\u044f<\/h4><input type=\"text\" name=\"ofsearch\" placeholder=\"Search &hellip;\" value=\"\"><\/li><li><h4>\u0424\u0430\u043c\u0438\u043b\u0438\u044f<\/h4><input type=\"text\" name=\"ofsearch\" placeholder=\"Search &hellip;\" value=\"\"><\/li><li><h4>\u041f\u0440\u0430\u043a\u0442\u0438\u043a\u0430 \u0413\u0440\u0443\u043f\u043f<\/h4><select  name='ofeitim2' id='ofeitim2' class='postform'>\n\t<option value='0' selected='selected'>All Uzmanl\u0131k<\/option>\n\t<option class=\"level-0\" value=\"188\">AB Hukuku<\/option>\n\t<option class=\"level-0\" value=\"189\">Fikri M\u00fclkiyet<\/option>\n\t<option class=\"level-0\" value=\"190\">Gayrimenkul Hukuku<\/option>\n\t<option class=\"level-0\" value=\"191\">Spor Hukuku<\/option>\n\t<option class=\"level-0\" value=\"192\">Tahkim &amp; Uyu\u015fmazl\u0131k \u00c7\u00f6z\u00fcm\u00fc<\/option>\n\t<option class=\"level-0\" value=\"193\">Ticari Dava Takibi<\/option>\n\t<option class=\"level-0\" value=\"195\">Uluslararas\u0131 Ticaret<\/option>\n\t<option class=\"level-0\" value=\"209\">\u0418\u043d\u0442\u0435\u043b\u043b\u0435\u043a\u0442\u0443\u0430\u043b\u044c\u043d\u0430\u044f \u0421\u043e\u0431\u0441\u0442\u0432\u0435\u043d\u043d\u043e\u0441\u0442\u044c<\/option>\n\t<option class=\"level-0\" value=\"206\">\u041a\u043e\u043c\u043c\u0435\u0440\u0447\u0435\u0441\u043a\u0438\u0435 \u0421\u0443\u0434\u0435\u0431\u043d\u044b\u0435 \u0421\u043f\u043e\u0440\u044b \u0422\u0440\u0435\u0442\u0435\u0301\u0439\u0441\u043a\u0438\u0439 \u0421\u0443\u0434 &amp; \u0410\u043b\u044c\u0442\u0435\u0440\u043d\u0430\u0442\u0438\u0432\u043d\u043e\u0435 \u0420\u0430\u0437\u0440\u0435\u0448\u0435\u043d\u0438\u0435 \u0421\u043f\u043e\u0440\u043e\u0432<\/option>\n\t<option class=\"level-0\" value=\"207\">\u041a\u043e\u0440\u043f\u043e\u0440\u0430\u0442\u0438\u0432\u043d\u043e\u0435 \u041f\u0440\u0430\u0432\u043e \/ \u0421\u043b\u0438\u044f\u043d\u0438\u044f \u0418 \u041f\u043e\u0433\u043b\u043e\u0449\u0435\u043d\u0438\u044f<\/option>\n\t<option class=\"level-0\" value=\"210\">\u041c\u0435\u0436\u0434\u0443\u043d\u0430\u0440\u043e\u0434\u043d\u0430\u044f \u0422\u043e\u0440\u0433\u043e\u0432\u043b\u044f<\/option>\n\t<option class=\"level-0\" value=\"211\">\u041d\u0435\u0434\u0432\u0438\u0436\u0438\u043c\u043e\u0441\u0442\u044c<\/option>\n\t<option class=\"level-0\" value=\"208\">\u041f\u0440\u0430\u0432\u0430 \u0415\u0432\u0440\u043e\u043f\u0435\u0439\u0441\u043a\u043e\u0433\u043e \u0421\u043e\u044e\u0437\u0430<\/option>\n\t<option class=\"level-0\" value=\"212\">\u0421\u043f\u043e\u0440\u0442\u0438\u0432\u043d\u043e\u0435 \u041f\u0440\u0430\u0432\u043e<\/option>\n<\/select>\n<input type=\"hidden\" name=\"ofeitim2_operator\" value=\"and\" \/><\/li><li><h4>\u041f\u0440\u043e\u043c\u044b\u0448\u043b\u0435\u043d\u043d\u043e\u0441\u0442\u044c &amp; \u041e\u0442\u0440\u0430\u0441\u043b\u0438<\/h4><select  name='ofeitim22' id='ofeitim22' class='postform'>\n\t<option value='0' selected='selected'>All End\u00fcstriler &amp; Sekt\u00f6rler<\/option>\n\t<option class=\"level-0\" value=\"179\">Gayrimenkul Geli\u015ftirme<\/option>\n\t<option class=\"level-0\" value=\"180\">Medya E\u011flence &amp; Spor<\/option>\n\t<option class=\"level-0\" value=\"181\">Tar\u0131m<\/option>\n\t<option class=\"level-0\" value=\"182\">Ta\u015f\u0131mac\u0131l\u0131k<\/option>\n\t<option class=\"level-0\" value=\"183\">Tedarik Zincirleri<\/option>\n\t<option class=\"level-0\" value=\"184\">Turizm<\/option>\n\t<option class=\"level-0\" value=\"215\">\u0420\u0430\u0437\u0432\u0438\u0442\u0438\u0435 \u041d\u0435\u0434\u0432\u0438\u0436\u0438\u043c\u043e\u0441\u0442\u0438<\/option>\n\t<option class=\"level-0\" value=\"213\">\u0421\u0435\u043b\u044c\u0441\u043a\u043e\u0435 \u0425\u043e\u0437\u044f\u0439\u0441\u0442\u0432\u043e<\/option>\n\t<option class=\"level-0\" value=\"214\">\u0421\u041c\u0418 \u0440\u0430\u0437\u0432\u043b\u0435\u0447\u0435\u043d\u0438\u044f \u0438 \u0441\u043f\u043e\u0440\u0442<\/option>\n\t<option class=\"level-0\" value=\"218\">\u0422\u0440\u0430\u043d\u0441\u043f\u043e\u0440\u0442<\/option>\n\t<option class=\"level-0\" value=\"217\">\u0422\u0443\u0440\u0438\u0437\u043c<\/option>\n\t<option class=\"level-0\" value=\"216\">\u0426\u0435\u043f\u044c \u041f\u043e\u0441\u0442\u0430\u0432\u043e\u043a<\/option>\n<\/select>\n<input type=\"hidden\" name=\"ofeitim22_operator\" value=\"and\" \/><\/li><li><h4>\u041e\u0431\u0440\u0430\u0437\u043e\u0432\u0430\u043d\u0438\u0435<\/h4><select  name='ofeitim' id='ofeitim' class='postform'>\n\t<option value='0' selected='selected'>All E\u011fitim<\/option>\n\t<option class=\"level-0\" value=\"177\">Galatasaray Universitesi LL.M. Ekonomi Hukuku<\/option>\n\t<option class=\"level-0\" value=\"178\">\u0130stanbul Bilgi \u00dcniversites LL.B.<\/option>\n\t<option class=\"level-0\" value=\"204\">\u0413\u0430\u043b\u0430\u0442\u0430\u0441\u0430\u0440\u0430\u0439 \u0423\u043d\u0438\u0432\u0435\u0440\u0441\u0438\u0442\u0435\u0442 (\u041c\u0430\u0433\u0438\u0441\u0442\u0440 \u041f\u0440\u0430\u0432\u0430 \u0412 \u0425\u043e\u0437\u044f\u0439\u0441\u0442\u0432\u0435\u043d\u043d\u043e\u0435 \u041f\u0440\u0430\u0432\u043e)<\/option>\n\t<option class=\"level-0\" value=\"203\">\u0421\u0442\u0430\u043c\u0431\u0443\u043b\u044c\u0441\u043a\u0438\u0439 \u0411\u0438\u043b\u0433\u0438 \u0423\u043d\u0438\u0432\u0435\u0440\u0441\u0438\u0442\u0435\u0442 (\u0411\u0430\u043a\u0430\u043b\u0430\u0301\u0432\u0440 \u041f\u0440\u0430\u0301\u0432\u0430)<\/option>\n<\/select>\n<input type=\"hidden\" name=\"ofeitim_operator\" value=\"and\" \/><\/li><li><h4>\u041d\u0430\u0437\u0432\u0430\u043d\u0438\u0435<\/h4><select  name='ofunvan' id='ofunvan' class='postform'>\n\t<option value='0' selected='selected'>All \u00dcnvan<\/option>\n\t<option class=\"level-0\" value=\"187\">Y\u00f6netici Ortak<\/option>\n\t<option class=\"level-0\" value=\"202\">\u0423\u043f\u0440\u0430\u0432\u043b\u044f\u044e\u0449\u0438\u0439 \u041f\u0430\u0440\u0442\u043d\u0435\u0440<\/option>\n<\/select>\n<input type=\"hidden\" name=\"ofunvan_operator\" value=\"and\" \/><\/li><li><h4>\u0410\u0434\u0432\u043e\u043a\u0430\u0442\u0441\u043a\u0430\u044f \u041f\u0430\u043b\u0430\u0442\u0430<\/h4><select  name='ofbaro' id='ofbaro' class='postform'>\n\t<option value='0' selected='selected'>All Kay\u0131tl\u0131 Olunan Baro<\/option>\n\t<option class=\"level-0\" value=\"185\">Antalya Barosu<\/option>\n\t<option class=\"level-0\" value=\"205\">\u0410\u0434\u0432\u043e\u043a\u0430\u0442\u0441\u043a\u0430\u044f \u041f\u0430\u043b\u0430\u0442\u0430 \u0410\u043d\u0442\u0430\u043b\u0438\u044f<\/option>\n<\/select>\n<input type=\"hidden\" name=\"ofbaro_operator\" value=\"and\" \/><\/li><li><h4>\u042f\u0437\u044b\u043a\u0438<\/h4><select  name='ofdiller' id='ofdiller' class='postform'>\n\t<option value='0' selected='selected'>All Diller<\/option>\n\t<option class=\"level-0\" value=\"173\">Almanca<\/option>\n\t<option class=\"level-0\" value=\"174\">\u0130ngilizce<\/option>\n\t<option class=\"level-0\" value=\"175\">Rus\u00e7a<\/option>\n\t<option class=\"level-0\" value=\"176\">T\u00fcrk\u00e7e<\/option>\n\t<option class=\"level-0\" value=\"197\">\u0410\u043d\u0433\u043b\u0438\u0439\u0441\u043a\u0438\u0439<\/option>\n\t<option class=\"level-0\" value=\"198\">\u041d\u0435\u043c\u0435\u0446\u043a\u0438\u0439<\/option>\n\t<option class=\"level-0\" value=\"199\">\u0420\u0443\u0441\u0441\u043a\u0438\u0439<\/option>\n\t<option class=\"level-0\" value=\"196\">\u0422\u0443\u0440\u0435\u0446\u043a\u0438\u0439<\/option>\n<\/select>\n<input type=\"hidden\" name=\"ofdiller_operator\" value=\"and\" \/><\/li><li><h4>\u041e\u0444\u0438\u0441\u044b<\/h4><select  name='ofofisler' id='ofofisler' class='postform'>\n\t<option value='0' selected='selected'>All Ofisler<\/option>\n\t<option class=\"level-0\" value=\"186\">Antalya<\/option>\n\t<option class=\"level-0\" value=\"200\">\u0410\u043d\u0442\u0430\u043b\u0438\u044f<\/option>\n<\/select>\n<input type=\"hidden\" name=\"ofofisler_operator\" value=\"and\" \/><\/li><li><input type=\"hidden\" id=\"_searchandfilter_nonce\" name=\"_searchandfilter_nonce\" value=\"238779aa82\" \/><input type=\"hidden\" name=\"_wp_http_referer\" value=\"\/ru\/wp-json\/wp\/v2\/pages\/333\" \/><input type=\"hidden\" name=\"ofsubmitted\" value=\"1\"><input type=\"submit\" value=\"Submit\"><\/li><\/ul><\/div><\/form>\n<!-- AddThis Advanced Settings generic via filter on the_content --><!-- AddThis Share Buttons generic via filter on the_content -->","protected":false},"excerpt":{"rendered":"<p><!-- AddThis Advanced Settings generic via filter on get_the_excerpt --><!-- AddThis Share Buttons generic via filter on get_the_excerpt --><\/p>\n","protected":false},"author":1,"featured_media":0,"parent":0,"menu_order":0,"comment_status":"closed","ping_status":"closed","template":"","meta":{"footnotes":""},"class_list":["post-333","page","type-page","status-publish","hentry","post"],"_links":{"self":[{"href":"https:\/\/www.akturk.com\/ru\/wp-json\/wp\/v2\/pages\/333","targetHints":{"allow":["GET"]}}],"collection":[{"href":"https:\/\/www.akturk.com\/ru\/wp-json\/wp\/v2\/pages"}],"about":[{"href":"https:\/\/www.akturk.com\/ru\/wp-json\/wp\/v2\/types\/page"}],"author":[{"embeddable":true,"href":"https:\/\/www.akturk.com\/ru\/wp-json\/wp\/v2\/users\/1"}],"replies":[{"embeddable":true,"href":"https:\/\/www.akturk.com\/ru\/wp-json\/wp\/v2\/comments?post=333"}],"version-history":[{"count":14,"href":"https:\/\/www.akturk.com\/ru\/wp-json\/wp\/v2\/pages\/333\/revisions"}],"predecessor-version":[{"id":1230,"href":"https:\/\/www.akturk.com\/ru\/wp-json\/wp\/v2\/pages\/333\/revisions\/1230"}],"wp:attachment":[{"href":"https:\/\/www.akturk.com\/ru\/wp-json\/wp\/v2\/media?parent=333"}],"curies":[{"name":"wp","href":"https:\/\/api.w.org\/{rel}","templated":true}]}}